{"id":25525,"date":"2016-11-23T21:20:20","date_gmt":"2016-11-23T19:20:20","guid":{"rendered":"http:\/\/transformabxl.wpengine.com\/?page_id=25525"},"modified":"2019-08-21T10:35:59","modified_gmt":"2019-08-21T08:35:59","slug":"innovation-garden","status":"publish","type":"page","link":"https:\/\/www.transformabxl.be\/fr\/collaborer\/innovation-garden\/","title":{"rendered":"Innovation Garden | Co-Creation Space and Creative Meeting Room"},"content":{"rendered":"<p>[et_pb_section fb_built=&#8221;1&#8243; fullwidth=&#8221;on&#8221; custom_padding_last_edited=&#8221;on|desktop&#8221; _builder_version=&#8221;3.22&#8243; custom_padding_tablet=&#8221;50px|0|50px|0&#8243; padding_mobile=&#8221;off&#8221;][et_pb_fullwidth_header title=&#8221;Innovation Garden&#8221; subhead=&#8221;Un espace de co-cr\u00e9ation  pour des rencontres cr\u00e9atives&#8221; text_orientation=&#8221;center&#8221; header_fullscreen=&#8221;on&#8221; header_scroll_down=&#8221;on&#8221; scroll_down_icon=&#8221;%%5%%&#8221; background_overlay_color=&#8221;rgba(0,0,0,0.5)&#8221; title_font_color=&#8221;#ffffff&#8221; _builder_version=&#8221;3.26.6&#8243; title_text_color=&#8221;#ffffff&#8221; title_font_size=&#8221;60px&#8221; subhead_font_size=&#8221;38px&#8221; background_color=&#8221;rgba(255, 255, 255, 0)&#8221; background_image=&#8221;\/wp-content\/uploads\/2016\/10\/20150918163713-2.jpg&#8221; custom_css_main_element=&#8221;height:50%&#8221; background_url=&#8221;\/wp-content\/uploads\/2016\/10\/20150918163713-2.jpg&#8221; saved_tabs=&#8221;all&#8221; button_one_text_size__hover_enabled=&#8221;off&#8221; button_one_text_size__hover=&#8221;null&#8221; button_two_text_size__hover_enabled=&#8221;off&#8221; button_two_text_size__hover=&#8221;null&#8221; button_one_text_color__hover_enabled=&#8221;off&#8221; button_one_text_color__hover=&#8221;null&#8221; button_two_text_color__hover_enabled=&#8221;off&#8221; button_two_text_color__hover=&#8221;null&#8221; button_one_border_width__hover_enabled=&#8221;off&#8221; button_one_border_width__hover=&#8221;null&#8221; button_two_border_width__hover_enabled=&#8221;off&#8221; button_two_border_width__hover=&#8221;null&#8221; button_one_border_color__hover_enabled=&#8221;off&#8221; button_one_border_color__hover=&#8221;null&#8221; button_two_border_color__hover_enabled=&#8221;off&#8221; button_two_border_color__hover=&#8221;null&#8221; button_one_border_radius__hover_enabled=&#8221;off&#8221; button_one_border_radius__hover=&#8221;null&#8221; button_two_border_radius__hover_enabled=&#8221;off&#8221; button_two_border_radius__hover=&#8221;null&#8221; button_one_letter_spacing__hover_enabled=&#8221;off&#8221; button_one_letter_spacing__hover=&#8221;null&#8221; button_two_letter_spacing__hover_enabled=&#8221;off&#8221; button_two_letter_spacing__hover=&#8221;null&#8221; button_one_bg_color__hover_enabled=&#8221;off&#8221; button_one_bg_color__hover=&#8221;null&#8221; button_two_bg_color__hover_enabled=&#8221;off&#8221; button_two_bg_color__hover=&#8221;null&#8221;][\/et_pb_fullwidth_header][\/et_pb_section][et_pb_section fb_built=&#8221;1&#8243; inner_shadow=&#8221;on&#8221; _builder_version=&#8221;3.22&#8243; background_color=&#8221;rgba(255,255,255,0)&#8221; transparent_background=&#8221;on&#8221; padding_mobile=&#8221;on&#8221;][et_pb_row use_custom_gutter=&#8221;on&#8221; gutter_width=&#8221;1&#8243; padding_mobile=&#8221;on&#8221; column_padding_mobile=&#8221;on&#8221; module_class=&#8221; et_pb_row_fullwidth&#8221; _builder_version=&#8221;3.25&#8243; background_size=&#8221;initial&#8221; background_position=&#8221;top_left&#8221; background_repeat=&#8221;repeat&#8221; width=&#8221;100%&#8221; width_tablet=&#8221;100%&#8221; width_last_edited=&#8221;on|desktop&#8221; max_width=&#8221;100%&#8221; max_width_tablet=&#8221;100%&#8221; max_width_last_edited=&#8221;on|desktop&#8221; custom_margin=&#8221;||0px|&#8221; custom_padding=&#8221;||0px|&#8221; make_fullwidth=&#8221;on&#8221;][et_pb_column type=&#8221;4_4&#8243; _builder_version=&#8221;3.25&#8243; custom_padding=&#8221;|||&#8221; custom_padding__hover=&#8221;|||&#8221;][et_pb_text admin_label=&#8221;Getting bored?&#8221; _builder_version=&#8221;3.26.6&#8243; background_size=&#8221;initial&#8221; background_position=&#8221;top_left&#8221; background_repeat=&#8221;repeat&#8221; text_orientation=&#8221;center&#8221; module_alignment=&#8221;center&#8221; custom_margin=&#8221;20px||80px|&#8221;]<\/p>\n<h2>Fatigu\u00e9(e) des vieilles salles de r\u00e9union ?<\/h2>\n<p>L&#8217;Innovation Garden est <strong>un espace de r\u00e9union cr\u00e9atif<\/strong> sp\u00e9cialement con\u00e7u pour les ateliers de co-cr\u00e9ation,<\/p>\n<p>les activit\u00e9s d\u2019intelligence collective, les \u00e9v\u00e9nements ouverts et les conf\u00e9rences.<\/p>\n<p>[\/et_pb_text][et_pb_gallery gallery_ids=&#8221;1420,1249,1617,29215&#8243; show_title_and_caption=&#8221;off&#8221; show_pagination=&#8221;off&#8221; _builder_version=&#8221;3.19.14&#8243; title_font_size=&#8221;0&#8243;][\/et_pb_gallery][\/et_pb_column][\/et_pb_row][\/et_pb_section][et_pb_section fb_built=&#8221;1&#8243; custom_padding_last_edited=&#8221;on|desktop&#8221; _builder_version=&#8221;3.22&#8243; background_color=&#8221;#f3f3f3&#8243; custom_padding_tablet=&#8221;50px|0|50px|0&#8243; padding_mobile=&#8221;off&#8221;][et_pb_row column_structure=&#8221;1_2,1_2&#8243; padding_mobile=&#8221;off&#8221; column_padding_mobile=&#8221;on&#8221; module_class=&#8221; et_pb_row_fullwidth&#8221; _builder_version=&#8221;3.25&#8243; background_size=&#8221;initial&#8221; background_position=&#8221;top_left&#8221; background_repeat=&#8221;repeat&#8221; width=&#8221;89%&#8221; width_tablet=&#8221;80%&#8221; width_last_edited=&#8221;on|desktop&#8221; max_width=&#8221;89%&#8221; max_width_tablet=&#8221;80%&#8221; max_width_last_edited=&#8221;on|desktop&#8221; make_fullwidth=&#8221;on&#8221;][et_pb_column type=&#8221;1_2&#8243; _builder_version=&#8221;3.25&#8243; custom_padding=&#8221;|||&#8221; custom_padding__hover=&#8221;|||&#8221;][et_pb_gallery gallery_ids=&#8221;25561,1716,1704,873,867&#8243; fullwidth=&#8221;on&#8221; _builder_version=&#8221;3.0.47&#8243; auto=&#8221;on&#8221; auto_speed=&#8221;3000&#8243;][\/et_pb_gallery][\/et_pb_column][et_pb_column type=&#8221;1_2&#8243; _builder_version=&#8221;3.25&#8243; custom_padding=&#8221;|||&#8221; custom_padding__hover=&#8221;|||&#8221;][et_pb_text admin_label=&#8221;Modular&#8221; _builder_version=&#8221;3.26.6&#8243; background_size=&#8221;initial&#8221; background_position=&#8221;top_left&#8221; background_repeat=&#8221;repeat&#8221;]<\/p>\n<h2>Un espace de r\u00e9union modulable<\/h2>\n<p>L&#8217;Innovation Garden est un lieu pens\u00e9 pour <strong>les activit\u00e9s de co-cr\u00e9ation et les \u00e9v\u00e9nements cr\u00e9atifs<\/strong>. Cette salle est d\u00e9cor\u00e9e \u00e0 l\u2019aide de plantes, de palettes en bois ou encore de chaises et poufs color\u00e9s.<\/p>\n<p>Sur le sol, un <strong>tapis confortable<\/strong> en faux gazon donne l&#8217;illusion de faire partie du <strong>jardin environnant<\/strong>, visible \u00e0 180\u00b0 \u00e0 travers les fen\u00eatres.\u00a0<\/p>\n<p>L\u2019ensemble du design cr\u00e9e <strong>une exp\u00e9rience unique<\/strong> o\u00f9 les\u00a0 participants peuvent s&#8217;inspirer et s\u2019ouvrir \u00e0 la collaboration.<\/p>\n<p>[\/et_pb_text][\/et_pb_column][\/et_pb_row][\/et_pb_section][et_pb_section fb_built=&#8221;1&#8243; custom_padding_last_edited=&#8221;on|desktop&#8221; _builder_version=&#8221;3.22&#8243; background_color=&#8221;rgba(255,255,255,0)&#8221; custom_padding_tablet=&#8221;50px|0|50px|0&#8243; transparent_background=&#8221;on&#8221; padding_mobile=&#8221;off&#8221;][et_pb_row column_structure=&#8221;1_2,1_2&#8243; padding_mobile=&#8221;off&#8221; column_padding_mobile=&#8221;on&#8221; module_class=&#8221; et_pb_row_fullwidth&#8221; _builder_version=&#8221;3.25&#8243; background_size=&#8221;initial&#8221; background_position=&#8221;top_left&#8221; background_repeat=&#8221;repeat&#8221; width=&#8221;89%&#8221; width_tablet=&#8221;80%&#8221; width_last_edited=&#8221;on|desktop&#8221; max_width=&#8221;89%&#8221; max_width_tablet=&#8221;80%&#8221; max_width_last_edited=&#8221;on|desktop&#8221; make_fullwidth=&#8221;on&#8221;][et_pb_column type=&#8221;1_2&#8243; _builder_version=&#8221;3.25&#8243; custom_padding=&#8221;|||&#8221; custom_padding__hover=&#8221;|||&#8221;][et_pb_text admin_label=&#8221;Room Details&#8221; _builder_version=&#8221;3.26.6&#8243; background_size=&#8221;initial&#8221; background_position=&#8221;top_left&#8221; background_repeat=&#8221;repeat&#8221;]<\/p>\n<h1>Description de la salle<\/h1>\n<ul>\n<li>Surface : 81m2<\/li>\n<li>Capacit\u00e9 : 60 places assises<\/li>\n<\/ul>\n<h4>Inclus<\/h4>\n<ul>\n<li>Ecran de projection &amp; projecteur<\/li>\n<li>Syst\u00e8me audio<\/li>\n<li>Flip-charts &amp; tableaux blancs<\/li>\n<li>Acc\u00e8s \u00e0 la caf\u00e9t\u00e9ria pour les pauses-caf\u00e9 et les lunchs<\/li>\n<\/ul>\n<p>[\/et_pb_text][\/et_pb_column][et_pb_column type=&#8221;1_2&#8243; _builder_version=&#8221;3.25&#8243; custom_padding=&#8221;|||&#8221; custom_padding__hover=&#8221;|||&#8221;][et_pb_image src=&#8221;\/wp-content\/uploads\/2016\/10\/20150918163551-2.jpg&#8221; align_tablet=&#8221;center&#8221; align_last_edited=&#8221;on|desktop&#8221; _builder_version=&#8221;3.23&#8243; animation_style=&#8221;fade&#8221; animation_duration=&#8221;500ms&#8221;][\/et_pb_image][\/et_pb_column][\/et_pb_row][\/et_pb_section][et_pb_section fb_built=&#8221;1&#8243; custom_padding_last_edited=&#8221;on|desktop&#8221; _builder_version=&#8221;3.22&#8243; background_color=&#8221;#f3f3f3&#8243; custom_padding_tablet=&#8221;50px|0|50px|0&#8243; padding_mobile=&#8221;off&#8221;][et_pb_row _builder_version=&#8221;3.25&#8243; background_size=&#8221;initial&#8221; background_position=&#8221;top_left&#8221; background_repeat=&#8221;repeat&#8221;][et_pb_column type=&#8221;4_4&#8243; _builder_version=&#8221;3.25&#8243; custom_padding=&#8221;|||&#8221; custom_padding__hover=&#8221;|||&#8221;][et_pb_text admin_label=&#8221;More info?&#8221; _builder_version=&#8221;3.26.6&#8243; background_size=&#8221;initial&#8221; background_position=&#8221;top_left&#8221; background_repeat=&#8221;repeat&#8221; text_orientation=&#8221;center&#8221; module_alignment=&#8221;center&#8221; custom_margin=&#8221;20px|||&#8221;]<\/p>\n<h2>Plus d&#8217;informations<\/h2>\n<p><span style=\"font-weight: 400;\">Communiquez-nous la date et les d\u00e9tails de votre \u00e9v\u00e8nement afin que nous vous envoyons un devis.<\/span><\/p>\n<p>[\/et_pb_text][et_pb_button button_url=&#8221;\/fr\/meeting_rooms\/get-a-quote\/&#8221; button_text=&#8221;Obtenir un devis &#8221; button_alignment=&#8221;center&#8221; admin_label=&#8221;Get a Quote&#8221; _builder_version=&#8221;3.26.6&#8243; custom_button=&#8221;on&#8221; button_text_color=&#8221;#311045&#8243; button_border_color=&#8221;#311045&#8243; button_font=&#8221;||||&#8221; button_icon=&#8221;%%20%%&#8221; button_icon_color=&#8221;#ffffff&#8221; button_text_color_hover=&#8221;#ffffff&#8221; button_border_color_hover=&#8221;#311045&#8243; button_bg_color_hover=&#8221;#311045&#8243; saved_tabs=&#8221;all&#8221; button_text_size__hover_enabled=&#8221;off&#8221; button_text_size__hover=&#8221;null&#8221; button_one_text_size__hover_enabled=&#8221;off&#8221; button_one_text_size__hover=&#8221;null&#8221; button_two_text_size__hover_enabled=&#8221;off&#8221; button_two_text_size__hover=&#8221;null&#8221; button_text_color__hover_enabled=&#8221;on&#8221; button_text_color__hover=&#8221;#ffffff&#8221; button_one_text_color__hover_enabled=&#8221;off&#8221; button_one_text_color__hover=&#8221;null&#8221; button_two_text_color__hover_enabled=&#8221;off&#8221; button_two_text_color__hover=&#8221;null&#8221; button_border_width__hover_enabled=&#8221;off&#8221; button_border_width__hover=&#8221;null&#8221; button_one_border_width__hover_enabled=&#8221;off&#8221; button_one_border_width__hover=&#8221;null&#8221; button_two_border_width__hover_enabled=&#8221;off&#8221; button_two_border_width__hover=&#8221;null&#8221; button_border_color__hover_enabled=&#8221;on&#8221; button_border_color__hover=&#8221;#311045&#8243; button_one_border_color__hover_enabled=&#8221;off&#8221; button_one_border_color__hover=&#8221;null&#8221; button_two_border_color__hover_enabled=&#8221;off&#8221; button_two_border_color__hover=&#8221;null&#8221; button_border_radius__hover_enabled=&#8221;off&#8221; button_border_radius__hover=&#8221;null&#8221; button_one_border_radius__hover_enabled=&#8221;off&#8221; button_one_border_radius__hover=&#8221;null&#8221; button_two_border_radius__hover_enabled=&#8221;off&#8221; button_two_border_radius__hover=&#8221;null&#8221; button_letter_spacing__hover_enabled=&#8221;off&#8221; button_letter_spacing__hover=&#8221;null&#8221; button_one_letter_spacing__hover_enabled=&#8221;off&#8221; button_one_letter_spacing__hover=&#8221;null&#8221; button_two_letter_spacing__hover_enabled=&#8221;off&#8221; button_two_letter_spacing__hover=&#8221;null&#8221; button_bg_color__hover_enabled=&#8221;on&#8221; button_bg_color__hover=&#8221;#311045&#8243; button_one_bg_color__hover_enabled=&#8221;off&#8221; button_one_bg_color__hover=&#8221;null&#8221; button_two_bg_color__hover_enabled=&#8221;off&#8221; button_two_bg_color__hover=&#8221;null&#8221;][\/et_pb_button][\/et_pb_column][\/et_pb_row][\/et_pb_section]<\/p>\n<span class=\"et_bloom_bottom_trigger\"><\/span>","protected":false},"excerpt":{"rendered":"<p>Fatigu\u00e9(e) des vieilles salles de r\u00e9union ? L&#8217;Innovation Garden est un espace de r\u00e9union cr\u00e9atif sp\u00e9cialement con\u00e7u pour les ateliers de co-cr\u00e9ation, les activit\u00e9s d\u2019intelligence collective, les \u00e9v\u00e9nements ouverts et les conf\u00e9rences.Un espace de r\u00e9union modulable L&#8217;Innovation Garden est un lieu pens\u00e9 pour les activit\u00e9s de co-cr\u00e9ation et les \u00e9v\u00e9nements cr\u00e9atifs. Cette salle est d\u00e9cor\u00e9e [&hellip;]<\/p>\n","protected":false},"author":1,"featured_media":25561,"parent":191,"menu_order":0,"comment_status":"closed","ping_status":"closed","template":"","meta":{"_et_pb_use_builder":"on","_et_pb_old_content":"","_et_gb_content_width":"","footnotes":""},"yst_prominent_words":[2385,1103,2384,2383,1109,2381,1580,1536,978,992,1101,2382,907,931],"class_list":["post-25525","page","type-page","status-publish","has-post-thumbnail","hentry"],"_links":{"self":[{"href":"https:\/\/www.transformabxl.be\/fr\/wp-json\/wp\/v2\/pages\/25525","targetHints":{"allow":["GET"]}}],"collection":[{"href":"https:\/\/www.transformabxl.be\/fr\/wp-json\/wp\/v2\/pages"}],"about":[{"href":"https:\/\/www.transformabxl.be\/fr\/wp-json\/wp\/v2\/types\/page"}],"author":[{"embeddable":true,"href":"https:\/\/www.transformabxl.be\/fr\/wp-json\/wp\/v2\/users\/1"}],"replies":[{"embeddable":true,"href":"https:\/\/www.transformabxl.be\/fr\/wp-json\/wp\/v2\/comments?post=25525"}],"version-history":[{"count":0,"href":"https:\/\/www.transformabxl.be\/fr\/wp-json\/wp\/v2\/pages\/25525\/revisions"}],"up":[{"embeddable":true,"href":"https:\/\/www.transformabxl.be\/fr\/wp-json\/wp\/v2\/pages\/191"}],"wp:featuredmedia":[{"embeddable":true,"href":"https:\/\/www.transformabxl.be\/fr\/wp-json\/wp\/v2\/media\/25561"}],"wp:attachment":[{"href":"https:\/\/www.transformabxl.be\/fr\/wp-json\/wp\/v2\/media?parent=25525"}],"wp:term":[{"taxonomy":"yst_prominent_words","embeddable":true,"href":"https:\/\/www.transformabxl.be\/fr\/wp-json\/wp\/v2\/yst_prominent_words?post=25525"}],"curies":[{"name":"wp","href":"https:\/\/api.w.org\/{rel}","templated":true}]}}