{"id":30195,"date":"2019-11-20T11:02:03","date_gmt":"2019-11-20T09:02:03","guid":{"rendered":"https:\/\/transformadev.wpengine.com\/fr\/?page_id=30195"},"modified":"2021-03-30T15:45:02","modified_gmt":"2021-03-30T13:45:02","slug":"jobs","status":"publish","type":"page","link":"https:\/\/www.transformabxl.be\/fr\/jobs\/","title":{"rendered":"Jobs"},"content":{"rendered":"<p>[et_pb_section fb_built=&#8221;1&#8243; fullwidth=&#8221;on&#8221; custom_padding_last_edited=&#8221;on|desktop&#8221; _builder_version=&#8221;3.22.3&#8243; background_color=&#8221;#ffffff&#8221; custom_padding=&#8221;||0px|||&#8221; custom_padding_tablet=&#8221;50px|0|50px|0&#8243; custom_padding_phone=&#8221;&#8221; transparent_background=&#8221;off&#8221; padding_mobile=&#8221;off&#8221;][et_pb_fullwidth_header title=&#8221;Jobs&#8221; text_orientation=&#8221;center&#8221; background_overlay_color=&#8221;rgba(0,0,0,0.5)&#8221; title_font_color=&#8221;#ffffff&#8221; _builder_version=&#8221;3.29.3&#8243; title_text_color=&#8221;#ffffff&#8221; background_color=&#8221;rgba(255, 255, 255, 0)&#8221; background_image=&#8221;http:\/\/transformabxl.wpengine.com\/wp-content\/uploads\/2016\/01\/20160114121226.jpg&#8221; parallax=&#8221;on&#8221; parallax_method=&#8221;on&#8221; title_font_size_tablet=&#8221;&#8221; title_font_size_phone=&#8221;56px&#8221; title_font_size_last_edited=&#8221;on|phone&#8221; background_url=&#8221;http:\/\/transformabxl.wpengine.com\/wp-content\/uploads\/2016\/01\/20160114121226.jpg&#8221; button_one_letter_spacing_hover=&#8221;0&#8243; button_two_letter_spacing_hover=&#8221;0&#8243; saved_tabs=&#8221;all&#8221; button_one_text_size__hover_enabled=&#8221;off&#8221; button_two_text_size__hover_enabled=&#8221;off&#8221; button_one_text_color__hover_enabled=&#8221;off&#8221; button_two_text_color__hover_enabled=&#8221;off&#8221; button_one_border_width__hover_enabled=&#8221;off&#8221; button_two_border_width__hover_enabled=&#8221;off&#8221; button_one_border_color__hover_enabled=&#8221;off&#8221; button_two_border_color__hover_enabled=&#8221;off&#8221; button_one_border_radius__hover_enabled=&#8221;off&#8221; button_two_border_radius__hover_enabled=&#8221;off&#8221; button_one_letter_spacing__hover_enabled=&#8221;on&#8221; button_one_letter_spacing__hover=&#8221;0&#8243; button_two_letter_spacing__hover_enabled=&#8221;on&#8221; button_two_letter_spacing__hover=&#8221;0&#8243; button_one_bg_color__hover_enabled=&#8221;off&#8221; button_two_bg_color__hover_enabled=&#8221;off&#8221;][\/et_pb_fullwidth_header][\/et_pb_section][et_pb_section fb_built=&#8221;1&#8243; _builder_version=&#8221;3.29.3&#8243; background_color=&#8221;#e8e8f0&#8243;][et_pb_row _builder_version=&#8221;3.29.3&#8243;][et_pb_column type=&#8221;4_4&#8243; _builder_version=&#8221;3.29.3&#8243;][et_pb_text _builder_version=&#8221;3.29.3&#8243;]<\/p>\n<h1 style=\"text-align: center;\">Etes-vous notre prochain Super-Coll\u00e8gue?<\/h1>\n<p>[\/et_pb_text][\/et_pb_column][\/et_pb_row][\/et_pb_section][et_pb_section fb_built=&#8221;1&#8243; _builder_version=&#8221;3.29.3&#8243; background_enable_color=&#8221;off&#8221;][et_pb_row _builder_version=&#8221;3.29.3&#8243;][et_pb_column type=&#8221;4_4&#8243; _builder_version=&#8221;3.29.3&#8243;][et_pb_text disabled_on=&#8221;off|off|off&#8221; _builder_version=&#8221;4.9.0&#8243; header_2_text_color=&#8221;#311045&#8243;]<\/p>\n<h2>Postes disponibles :<\/h2>\n<p>[\/et_pb_text][et_pb_code disabled_on=&#8221;on|on|on&#8221; _builder_version=&#8221;4.9.2&#8243; hover_enabled=&#8221;0&#8243; disabled=&#8221;on&#8221; sticky_enabled=&#8221;0&#8243;][jobs][\/et_pb_code][et_pb_text disabled_on=&#8221;off|off|off&#8221; _builder_version=&#8221;4.9.2&#8243; hover_enabled=&#8221;0&#8243; sticky_enabled=&#8221;0&#8243;]<\/p>\n<p>Nous n\u2019avons pas d\u2019offre d\u2019emploi pour l\u2019instant. Mais n\u2019h\u00e9sitez pas \u00e0 nous envoyer votre candidature spontan\u00e9e \u00e0 notre adresse mail :<\/p>\n<p><img decoding=\"async\" src=\"https:\/\/www.transformabxl.be\/wp-content\/uploads\/2019\/11\/Sans-titre2.png\" \/><\/p>\n<p>[\/et_pb_text][\/et_pb_column][\/et_pb_row][\/et_pb_section]<\/p>\n<span class=\"et_bloom_bottom_trigger\"><\/span>","protected":false},"excerpt":{"rendered":"<p>Etes-vous notre prochain Super-Coll\u00e8gue?Postes disponibles :[jobs]Nous n\u2019avons pas d\u2019offre d\u2019emploi pour l\u2019instant. Mais n\u2019h\u00e9sitez pas \u00e0 nous envoyer votre candidature spontan\u00e9e \u00e0 notre adresse mail :<\/p>\n","protected":false},"author":16,"featured_media":0,"parent":0,"menu_order":0,"comment_status":"closed","ping_status":"closed","template":"","meta":{"_et_pb_use_builder":"on","_et_pb_old_content":"","_et_gb_content_width":"","footnotes":""},"yst_prominent_words":[1531,1066,4462],"class_list":["post-30195","page","type-page","status-publish","hentry"],"_links":{"self":[{"href":"https:\/\/www.transformabxl.be\/fr\/wp-json\/wp\/v2\/pages\/30195","targetHints":{"allow":["GET"]}}],"collection":[{"href":"https:\/\/www.transformabxl.be\/fr\/wp-json\/wp\/v2\/pages"}],"about":[{"href":"https:\/\/www.transformabxl.be\/fr\/wp-json\/wp\/v2\/types\/page"}],"author":[{"embeddable":true,"href":"https:\/\/www.transformabxl.be\/fr\/wp-json\/wp\/v2\/users\/16"}],"replies":[{"embeddable":true,"href":"https:\/\/www.transformabxl.be\/fr\/wp-json\/wp\/v2\/comments?post=30195"}],"version-history":[{"count":0,"href":"https:\/\/www.transformabxl.be\/fr\/wp-json\/wp\/v2\/pages\/30195\/revisions"}],"wp:attachment":[{"href":"https:\/\/www.transformabxl.be\/fr\/wp-json\/wp\/v2\/media?parent=30195"}],"wp:term":[{"taxonomy":"yst_prominent_words","embeddable":true,"href":"https:\/\/www.transformabxl.be\/fr\/wp-json\/wp\/v2\/yst_prominent_words?post=30195"}],"curies":[{"name":"wp","href":"https:\/\/api.w.org\/{rel}","templated":true}]}}